{"id":113,"date":"2025-10-10T04:51:21","date_gmt":"2025-10-10T02:51:21","guid":{"rendered":"https:\/\/crespod.com\/?page_id=113"},"modified":"2025-10-10T06:00:28","modified_gmt":"2025-10-10T04:00:28","slug":"nos-realisations","status":"publish","type":"page","link":"https:\/\/crespod.com\/index.php\/nos-realisations\/","title":{"rendered":"Nos R\u00e9alisations"},"content":{"rendered":"\n<p class=\"has-medium-font-size\">Quelques travaux de recherches effectu\u00e9s par CRESPoD, sarl <\/p>\n\n\n\n<p><\/p>\n\n\n<div class=\"rt-container-fluid tlp-portfolio tlp-portfolio-container crespod-fancy-style\" id=\"tlp-portfolio-container-226\" data-layout=\"layout1\"><div class=\"rt-row layout1 \" data-title='Loading ...'>\r\n<div class=\"tlp-col-md-4 tlp-col-sm-6 tlp-col-xs-12 tlp-single-item tlp-grid-item tlp-equal-height\">\r\n\t<div class=\"tlp-portfolio-item\">\r\n\t\t\t\t\t\t\t\t\t<div class=\"tlp-content\">\r\n                        <div class=\"tlp-content-holder\">\r\n                            <h3><a href=\"https:\/\/crespod.com\/index.php\/portfolio\/realisation-de-lenquete-baseline-sur-les-cconnaissances-attitudes-et-pratiques-cap-des-communautes\/\" aria-label=\"R\u00e9alisation de l\u2019enqu\u00eate baseline sur les Cconnaissances, Attitudes et Pratiques (CAP) des communaut\u00e9s\">R\u00e9alisation de l\u2019enqu\u00eate baseline sur les Cconnaissances, Attitudes et Pratiques (CAP) des communaut\u00e9s<\/a><\/h3>\r\n                            <div class=\"extra-features\"> <div class=\"tlp-portfolio-sd\">R\u00e9alisation de l\u2019enqu\u00eate baseline sur les Cconnaissances, Attitudes et Pratiques (CAP) des communaut\u00e9s, \u00e9valuation des risques<\/div> <ul><li class=\"client-name\"><label>Client Name :<\/label>ABEF-ND (Association pour le Bien-\u00eatre Familial-Naissances D\u00e9sirables)<\/li><li class=\"completed-date\"><label>Completed Date :<\/label>31 juillet 2025<\/li><\/ul><\/div>\r\n                        <\/div>\r\n                    <\/div>\t<\/div>\r\n<\/div>\r\n\r\n\r\n<div class=\"tlp-col-md-4 tlp-col-sm-6 tlp-col-xs-12 tlp-single-item tlp-grid-item tlp-equal-height\">\r\n\t<div class=\"tlp-portfolio-item\">\r\n\t\t\t\t\t\t\t\t\t<div class=\"tlp-content\">\r\n                        <div class=\"tlp-content-holder\">\r\n                            <h3><a href=\"https:\/\/crespod.com\/index.php\/portfolio\/evaluation-du-plan-strategique-de-labef-nd-de-2016-2019\/\" aria-label=\"Evaluation du plan strat\u00e9gique de l\u2019ABEF-ND de 2016-2019\u00a0\">Evaluation du plan strat\u00e9gique de l\u2019ABEF-ND de 2016-2019\u00a0<\/a><\/h3>\r\n                            <div class=\"extra-features\"> <div class=\"tlp-portfolio-sd\">Evaluation du plan strat\u00e9gique de l\u2019ABEF-ND de 2016-2019\u00a0; R\u00e9alisation de l\u2019analyse situation de la sant\u00e9 de la reproduction en<\/div> <ul><li class=\"client-name\"><label>Client Name :<\/label>ABEF-ND (Association pour le Bien-\u00eatre Familial-Naissances D\u00e9sirables<\/li><li class=\"completed-date\"><label>Completed Date :<\/label>Febuary 21 - August 02 2024<\/li><\/ul><\/div>\r\n                        <\/div>\r\n                    <\/div>\t<\/div>\r\n<\/div>\r\n\r\n\r\n<div class=\"tlp-col-md-4 tlp-col-sm-6 tlp-col-xs-12 tlp-single-item tlp-grid-item tlp-equal-height\">\r\n\t<div class=\"tlp-portfolio-item\">\r\n\t\t\t\t\t\t\t\t\t<div class=\"tlp-content\">\r\n                        <div class=\"tlp-content-holder\">\r\n                            <h3><a href=\"https:\/\/crespod.com\/index.php\/portfolio\/analyse-de-la-situation-socio-sanitaire\/\" aria-label=\"Analyse de la situation socio-sanitaire\">Analyse de la situation socio-sanitaire<\/a><\/h3>\r\n                            <div class=\"extra-features\"> <div class=\"tlp-portfolio-sd\">Analyse de la situation socio-sanitaire et r\u00e9alisation de la recherche formative dans la Province du Kasa\u00ef<\/div> <ul><li class=\"client-name\"><label>Client Name :<\/label>Population Media Center (ONG Am\u00e9ricaine)<\/li><li class=\"completed-date\"><label>Completed Date :<\/label>08 f\u00e9vrier \u2013 15 mars 2023<\/li><\/ul><\/div>\r\n                        <\/div>\r\n                    <\/div>\t<\/div>\r\n<\/div>\r\n\r\n\r\n<div class=\"tlp-col-md-4 tlp-col-sm-6 tlp-col-xs-12 tlp-single-item tlp-grid-item tlp-equal-height\">\r\n\t<div class=\"tlp-portfolio-item\">\r\n\t\t\t\t\t\t\t\t\t<div class=\"tlp-content\">\r\n                        <div class=\"tlp-content-holder\">\r\n                            <h3><a href=\"https:\/\/crespod.com\/index.php\/portfolio\/realisation-de-levaluation-des-risques-de-violences-basees-sur-le-genre-vbg\/\" aria-label=\"R\u00e9alisation de l\u2019\u00e9valuation des risques de violences bas\u00e9es sur le genre (VBG)\">R\u00e9alisation de l\u2019\u00e9valuation des risques de violences bas\u00e9es sur le genre (VBG)<\/a><\/h3>\r\n                            <div class=\"extra-features\"> <div class=\"tlp-portfolio-sd\">R\u00e9alisation de l\u2019\u00e9valuation des risques de violences bas\u00e9es sur le genre (VBG), de la capacit\u00e9 de r\u00e9ponse et la proposition d\u2019un<\/div> <ul><li class=\"client-name\"><label>Client Name :<\/label>Cellule infrastructure (Minist\u00e8re ITP\/RDC) Financement de la BAD<\/li><li class=\"completed-date\"><label>Completed Date :<\/label>14 Juillet \u2013 30 ao\u00fbt 2022<\/li><\/ul><\/div>\r\n                        <\/div>\r\n                    <\/div>\t<\/div>\r\n<\/div>\r\n\r\n\r\n<div class=\"tlp-col-md-4 tlp-col-sm-6 tlp-col-xs-12 tlp-single-item tlp-grid-item tlp-equal-height\">\r\n\t<div class=\"tlp-portfolio-item\">\r\n\t\t\t\t\t\t\t\t\t<div class=\"tlp-content\">\r\n                        <div class=\"tlp-content-holder\">\r\n                            <h3><a href=\"https:\/\/crespod.com\/index.php\/portfolio\/recherche-action-sur-le-projet-hub\/\" aria-label=\"Recherche-action sur le Projet Hub\">Recherche-action sur le Projet Hub<\/a><\/h3>\r\n                            <div class=\"extra-features\"> <div class=\"tlp-portfolio-sd\">Recherche-action sur le Projet Hub en Genre et droits Humains (GDH) \u00e0 Kinshasa<\/div> <ul><li class=\"client-name\"><label>Client Name :<\/label>CORDAID<\/li><li class=\"completed-date\"><label>Completed Date :<\/label>15 nov. \u2013 03 D\u00e9c. 2021<\/li><\/ul><\/div>\r\n                        <\/div>\r\n                    <\/div>\t<\/div>\r\n<\/div>\r\n\r\n\r\n<div class=\"tlp-col-md-4 tlp-col-sm-6 tlp-col-xs-12 tlp-single-item tlp-grid-item tlp-equal-height\">\r\n\t<div class=\"tlp-portfolio-item\">\r\n\t\t\t\t\t\t\t\t\t<div class=\"tlp-content\">\r\n                        <div class=\"tlp-content-holder\">\r\n                            <h3><a href=\"https:\/\/crespod.com\/index.php\/portfolio\/realisation-de-levaluation-des-risques-des-violences-basees-sur-le-genre-vbg\/\" aria-label=\"R\u00e9alisation de l\u2019\u00e9valuation des risques des violences bas\u00e9es sur le genre (VBG)\">R\u00e9alisation de l\u2019\u00e9valuation des risques des violences bas\u00e9es sur le genre (VBG)<\/a><\/h3>\r\n                            <div class=\"extra-features\"> <div class=\"tlp-portfolio-sd\">R\u00e9alisation de l\u2019\u00e9valuation des risques des violences bas\u00e9es sur le genre (VBG),  de la capacite de r\u00e9ponse et la proposition d?<\/div> <ul><li class=\"client-name\"><label>Client Name :<\/label>Cellule infrastructure (Minist\u00e8re ITP\/RDC)<\/li><li class=\"completed-date\"><label>Completed Date :<\/label>24 septembre 2020 \u2013 31 janvier 2021<\/li><\/ul><\/div>\r\n                        <\/div>\r\n                    <\/div>\t<\/div>\r\n<\/div>\r\n\r\n\r\n<div class=\"tlp-col-md-4 tlp-col-sm-6 tlp-col-xs-12 tlp-single-item tlp-grid-item tlp-equal-height\">\r\n\t<div class=\"tlp-portfolio-item\">\r\n\t\t\t\t\t\t\t\t\t<div class=\"tlp-content\">\r\n                        <div class=\"tlp-content-holder\">\r\n                            <h3><a href=\"https:\/\/crespod.com\/index.php\/portfolio\/evaluation-finale-du-projet-amelioration-de-la-sante-sexuelle-et-reproductive-des-jeunes\/\" aria-label=\"\u00c9valuation finale du projet\u00a0: \u00ab\u00a0Am\u00e9lioration de la sant\u00e9 sexuelle et reproductive des jeunes\">\u00c9valuation finale du projet\u00a0: \u00ab\u00a0Am\u00e9lioration de la sant\u00e9 sexuelle et reproductive des jeunes<\/a><\/h3>\r\n                            <div class=\"extra-features\"> <div class=\"tlp-portfolio-sd\">\u00c9valuation finale du projet\u00a0: \u00ab\u00a0Am\u00e9lioration de la sant\u00e9 sexuelle et reproductive des jeunes, des adolescentes ainsi que des<\/div> <ul><li class=\"client-name\"><label>Client Name :<\/label>UNFPA\/RDC<\/li><li class=\"completed-date\"><label>Completed Date :<\/label>11 septembre -11 novembre 2020<\/li><\/ul><\/div>\r\n                        <\/div>\r\n                    <\/div>\t<\/div>\r\n<\/div>\r\n\r\n\r\n<div class=\"tlp-col-md-4 tlp-col-sm-6 tlp-col-xs-12 tlp-single-item tlp-grid-item tlp-equal-height\">\r\n\t<div class=\"tlp-portfolio-item\">\r\n\t\t\t\t\t\t\t\t\t<div class=\"tlp-content\">\r\n                        <div class=\"tlp-content-holder\">\r\n                            <h3><a href=\"https:\/\/crespod.com\/index.php\/portfolio\/elaboration-de-la-strategie-nationale-de-lutte-contre-les-ist-le-vih-sida\/\" aria-label=\"Elaboration de la strat\u00e9gie nationale de lutte contre les IST, le VIH\/SIDA\">Elaboration de la strat\u00e9gie nationale de lutte contre les IST, le VIH\/SIDA<\/a><\/h3>\r\n                            <div class=\"extra-features\"> <div class=\"tlp-portfolio-sd\">Elaboration de la strat\u00e9gie nationale de lutte contre les IST, le VIH\/SIDA, les grossesses adolescentes, les violences sexuelles<\/div> <ul><li class=\"client-name\"><label>Client Name :<\/label>Programme National de Lutte contre le Sida (PNLS)<\/li><li class=\"completed-date\"><label>Completed Date :<\/label>29 mai-28 Juin 2019<\/li><\/ul><\/div>\r\n                        <\/div>\r\n                    <\/div>\t<\/div>\r\n<\/div>\r\n\r\n\r\n<div class=\"tlp-col-md-4 tlp-col-sm-6 tlp-col-xs-12 tlp-single-item tlp-grid-item tlp-equal-height\">\r\n\t<div class=\"tlp-portfolio-item\">\r\n\t\t\t\t\t\t\t\t\t<div class=\"tlp-content\">\r\n                        <div class=\"tlp-content-holder\">\r\n                            <h3><a href=\"https:\/\/crespod.com\/index.php\/portfolio\/evaluation-sur-les-activites-de-prevention-du-vih-sida-et-des-ist\/\" aria-label=\"Evaluation sur les activit\u00e9s de \u00ab\u00a0pr\u00e9vention du VIH\/SIDA et des IST\u00a0\u00bb\">Evaluation sur les activit\u00e9s de \u00ab\u00a0pr\u00e9vention du VIH\/SIDA et des IST\u00a0\u00bb<\/a><\/h3>\r\n                            <div class=\"extra-features\"> <div class=\"tlp-portfolio-sd\">Evaluation sur les activit\u00e9s de \u00ab\u00a0pr\u00e9vention du VIH\/SIDA et des IST\u00a0\u00bb mises en \u0153uvre dans le cadre des \u00ab\u00a0mesures<\/div> <ul><li class=\"client-name\"><label>Client Name :<\/label>UNFPA\/RDC via AHUSADEC<\/li><li class=\"completed-date\"><label>Completed Date :<\/label>11 Novembre - 31 D\u00e9cembre 2019<\/li><\/ul><\/div>\r\n                        <\/div>\r\n                    <\/div>\t<\/div>\r\n<\/div>\r\n\r\n\r\n<div class=\"tlp-col-md-4 tlp-col-sm-6 tlp-col-xs-12 tlp-single-item tlp-grid-item tlp-equal-height\">\r\n\t<div class=\"tlp-portfolio-item\">\r\n\t\t\t\t\t\t\t\t\t<div class=\"tlp-content\">\r\n                        <div class=\"tlp-content-holder\">\r\n                            <h3><a href=\"https:\/\/crespod.com\/index.php\/portfolio\/evaluation-de-la-couverture-de-la-seconde-phase-2018-de-la-supplementation-en-vitamine-a-des-enfants-de-6-59-mois\/\" aria-label=\"Evaluation de la couverture de la seconde phase 2018 de la suppl\u00e9mentation en vitamine a des enfants de 6-59 mois\">Evaluation de la couverture de la seconde phase 2018 de la suppl\u00e9mentation en vitamine a des enfants de 6-59 mois<\/a><\/h3>\r\n                            <div class=\"extra-features\"> <div class=\"tlp-portfolio-sd\">Evaluation de la couverture de la seconde phase 2018 de la suppl\u00e9mentation en vitamine a des enfants de 6-59 mois coupl\u00e9e au d?<\/div> <ul><li class=\"client-name\"><label>Client Name :<\/label>UNICEF-RDC\/Programme national de Nutrition (RDC)<\/li><li class=\"completed-date\"><label>Completed Date :<\/label>15 mai \u2013 30 octobre 2019<\/li><\/ul><\/div>\r\n                        <\/div>\r\n                    <\/div>\t<\/div>\r\n<\/div>\r\n\r\n\r\n<div class=\"tlp-col-md-4 tlp-col-sm-6 tlp-col-xs-12 tlp-single-item tlp-grid-item tlp-equal-height\">\r\n\t<div class=\"tlp-portfolio-item\">\r\n\t\t\t\t\t\t\t\t\t<div class=\"tlp-content\">\r\n                        <div class=\"tlp-content-holder\">\r\n                            <h3><a href=\"https:\/\/crespod.com\/index.php\/portfolio\/enquete-baseline-sur-les-connaissances-attitudes-et-pratiques-cap\/\" aria-label=\"Enqu\u00eate baseline sur les connaissances, attitudes et pratiques (CAP)\">Enqu\u00eate baseline sur les connaissances, attitudes et pratiques (CAP)<\/a><\/h3>\r\n                            <div class=\"extra-features\"> <div class=\"tlp-portfolio-sd\">Enqu\u00eate baseline sur les connaissances, attitudes et pratiques (CAP) des populations  des Communes de Nsele et Selembao sur le<\/div> <ul><li class=\"client-name\"><label>Client Name :<\/label>Handicap International<\/li><li class=\"completed-date\"><label>Completed Date :<\/label>Janvier 2019- mars 2019<\/li><\/ul><\/div>\r\n                        <\/div>\r\n                    <\/div>\t<\/div>\r\n<\/div>\r\n\r\n\r\n<div class=\"tlp-col-md-4 tlp-col-sm-6 tlp-col-xs-12 tlp-single-item tlp-grid-item tlp-equal-height\">\r\n\t<div class=\"tlp-portfolio-item\">\r\n\t\t\t\t\t\t\t\t\t<div class=\"tlp-content\">\r\n                        <div class=\"tlp-content-holder\">\r\n                            <h3><a href=\"https:\/\/crespod.com\/index.php\/portfolio\/evaluer-le-programme-deducation-a-la-sexualite-en-rdc\/\" aria-label=\"Evaluer le Programme d\u2019\u00e9ducation \u00e0 la sexualit\u00e9 en RDC\">Evaluer le Programme d\u2019\u00e9ducation \u00e0 la sexualit\u00e9 en RDC<\/a><\/h3>\r\n                            <div class=\"extra-features\"> <div class=\"tlp-portfolio-sd\">Evaluer le Programme d\u2019\u00e9ducation \u00e0 la sexualit\u00e9 en R\u00e9publique D\u00e9mocratique du Congo en utilisation l\u2019outil \\\"SERAT\\\". <\/div> <ul><li class=\"client-name\"><label>Client Name :<\/label>UNESCO\/RDC<\/li><li class=\"completed-date\"><label>Completed Date :<\/label>5-24 Octobre 2018\u00a0<\/li><\/ul><\/div>\r\n                        <\/div>\r\n                    <\/div>\t<\/div>\r\n<\/div>\r\n\r\n\r\n<div class=\"tlp-col-md-4 tlp-col-sm-6 tlp-col-xs-12 tlp-single-item tlp-grid-item tlp-equal-height\">\r\n\t<div class=\"tlp-portfolio-item\">\r\n\t\t\t\t\t\t\t\t\t<div class=\"tlp-content\">\r\n                        <div class=\"tlp-content-holder\">\r\n                            <h3><a href=\"https:\/\/crespod.com\/index.php\/portfolio\/enquete-cap-connaissances-attitudes-et-pratiques-des-membres-des-communautes-vivant-sur-les-axes-routiers\/\" aria-label=\"Enqu\u00eate CAP (Connaissances, Attitudes et Pratiques) des membres des communaut\u00e9s vivant sur les axes routiers\">Enqu\u00eate CAP (Connaissances, Attitudes et Pratiques) des membres des communaut\u00e9s vivant sur les axes routiers<\/a><\/h3>\r\n                            <div class=\"extra-features\"> <div class=\"tlp-portfolio-sd\">Enqu\u00eate CAP (Connaissances, Attitudes et Pratiques) des membres des communaut\u00e9s vivant sur les axes routiers du Projet Pro<\/div> <ul><li class=\"client-name\"><label>Client Name :<\/label>UNFPA<\/li><li class=\"completed-date\"><label>Completed Date :<\/label>3 septembre-3 novembre 2018\u00a0<\/li><\/ul><\/div>\r\n                        <\/div>\r\n                    <\/div>\t<\/div>\r\n<\/div>\r\n\r\n\r\n<div class=\"tlp-col-md-4 tlp-col-sm-6 tlp-col-xs-12 tlp-single-item tlp-grid-item tlp-equal-height\">\r\n\t<div class=\"tlp-portfolio-item\">\r\n\t\t\t\t\t\t\t\t\t<div class=\"tlp-content\">\r\n                        <div class=\"tlp-content-holder\">\r\n                            <h3><a href=\"https:\/\/crespod.com\/index.php\/portfolio\/recherche-formative-dans-trois-zones-de-sante-du-kasai-oriental\/\" aria-label=\"Recherche formative dans trois zones de sant\u00e9 du Kasa\u00ef-Oriental\">Recherche formative dans trois zones de sant\u00e9 du Kasa\u00ef-Oriental<\/a><\/h3>\r\n                            <div class=\"extra-features\"> <div class=\"tlp-portfolio-sd\">Recherche formative dans trois zones de sant\u00e9 du Kasa\u00ef-Oriental (Tshishimbi, Cilundu et Kabeya Kamuanga) et dans une zone de\u00e9<\/div> <ul><li class=\"client-name\"><label>Client Name :<\/label>SAVE THE CHILDREN INTERNATIONAL<\/li><li class=\"completed-date\"><label>Completed Date :<\/label>10 janvier-15 mars 2018\u00a0<\/li><\/ul><\/div>\r\n                        <\/div>\r\n                    <\/div>\t<\/div>\r\n<\/div>\r\n\r\n\r\n<div class=\"tlp-col-md-4 tlp-col-sm-6 tlp-col-xs-12 tlp-single-item tlp-grid-item tlp-equal-height\">\r\n\t<div class=\"tlp-portfolio-item\">\r\n\t\t\t\t\t\t\t\t\t<div class=\"tlp-content\">\r\n                        <div class=\"tlp-content-holder\">\r\n                            <h3><a href=\"https:\/\/crespod.com\/index.php\/portfolio\/projet-de-lutte-contre-les-violences-sexuelles\/\" aria-label=\"Projet de lutte contre les violences sexuelles\">Projet de lutte contre les violences sexuelles<\/a><\/h3>\r\n                            <div class=\"extra-features\"> <div class=\"tlp-portfolio-sd\">Evaluation \u00e0 mi-parcours du Projet de lutte contre les violences sexuelles <\/div> <ul><li class=\"client-name\"><label>Client Name :<\/label>Association pour le Bien-\u00eatre Familial-Naissances D\u00e9sirables (ABEF-ND)<\/li><li class=\"completed-date\"><label>Completed Date :<\/label>Septembre-Octobre 2017<\/li><\/ul><\/div>\r\n                        <\/div>\r\n                    <\/div>\t<\/div>\r\n<\/div>\r\n\r\n\r\n<div class=\"tlp-col-md-4 tlp-col-sm-6 tlp-col-xs-12 tlp-single-item tlp-grid-item tlp-equal-height\">\r\n\t<div class=\"tlp-portfolio-item\">\r\n\t\t\t\t\t\t\t\t\t<div class=\"tlp-content\">\r\n                        <div class=\"tlp-content-holder\">\r\n                            <h3><a href=\"https:\/\/crespod.com\/index.php\/portfolio\/letude-sur-lampleur-et-les-determinants-socioculturels-des-vsbg-dans-certaines-provinces\/\" aria-label=\"L\u2019\u00e9tude sur l\u2019Ampleur et les d\u00e9terminants socioculturels des VSBG dans certaines provinces\">L\u2019\u00e9tude sur l\u2019Ampleur et les d\u00e9terminants socioculturels des VSBG dans certaines provinces<\/a><\/h3>\r\n                            <div class=\"extra-features\"> <div class=\"tlp-portfolio-sd\">L\u2019\u00e9tude sur l\u2019Ampleur et les d\u00e9terminants socioculturels des VSBG dans les provinces de Kinshasa, du Kongo-Central, de l\u2019Ituri,<\/div> <ul><li class=\"client-name\"><label>Client Name :<\/label>UNFPA-RDC<\/li><li class=\"completed-date\"><label>Completed Date :<\/label>F\u00e9vrier-Avril 2017<\/li><\/ul><\/div>\r\n                        <\/div>\r\n                    <\/div>\t<\/div>\r\n<\/div>\r\n\r\n\r\n<div class=\"tlp-col-md-4 tlp-col-sm-6 tlp-col-xs-12 tlp-single-item tlp-grid-item tlp-equal-height\">\r\n\t<div class=\"tlp-portfolio-item\">\r\n\t\t\t\t\t\t\t\t\t<div class=\"tlp-content\">\r\n                        <div class=\"tlp-content-holder\">\r\n                            <h3><a href=\"https:\/\/crespod.com\/index.php\/portfolio\/assistance-technique-pour-la-constitution-lanimation-et-le-maintien-dune-base-de-donnees-sectorielle\/\" aria-label=\"Assistance technique pour la constitution, l\u2019animation et le maintien d\u2019une base de donn\u00e9es sectorielle\">Assistance technique pour la constitution, l\u2019animation et le maintien d\u2019une base de donn\u00e9es sectorielle<\/a><\/h3>\r\n                            <div class=\"extra-features\"> <div class=\"tlp-portfolio-sd\">Assistance technique pour la constitution, l\u2019animation et le maintien d\u2019une base de donn\u00e9es sectorielle, le suivi et l\u2019?<\/div> <ul><li class=\"client-name\"><label>Client Name :<\/label>COPIREP\/SOCOF pour ARPTC<\/li><li class=\"completed-date\"><label>Completed Date :<\/label>Juillet-Novembre 2016<\/li><\/ul><\/div>\r\n                        <\/div>\r\n                    <\/div>\t<\/div>\r\n<\/div>\r\n\r\n\r\n<div class=\"tlp-col-md-4 tlp-col-sm-6 tlp-col-xs-12 tlp-single-item tlp-grid-item tlp-equal-height\">\r\n\t<div class=\"tlp-portfolio-item\">\r\n\t\t\t\t\t\t\t\t\t<div class=\"tlp-content\">\r\n                        <div class=\"tlp-content-holder\">\r\n                            <h3><a href=\"https:\/\/crespod.com\/index.php\/portfolio\/monitoring-clinique-dans-les-structures-sanitaires\/\" aria-label=\"Monitoring clinique dans les structures sanitaires\">Monitoring clinique dans les structures sanitaires<\/a><\/h3>\r\n                            <div class=\"extra-features\"> <div class=\"tlp-portfolio-sd\">Monitoring clinique dans les structures sanitaires de l\u2019audience de l\u2019\u00e9mission radiophonique \u00ab\u00a0Pambazuko\u00a0\u00bb (Phase 1)<\/div> <ul><li class=\"client-name\"><label>Client Name :<\/label>Population Media Center (ONG Am\u00e9ricaine)<\/li><li class=\"completed-date\"><label>Completed Date :<\/label>Novembre 2016<\/li><\/ul><\/div>\r\n                        <\/div>\r\n                    <\/div>\t<\/div>\r\n<\/div>\r\n\r\n\r\n<div class=\"tlp-col-md-4 tlp-col-sm-6 tlp-col-xs-12 tlp-single-item tlp-grid-item tlp-equal-height\">\r\n\t<div class=\"tlp-portfolio-item\">\r\n\t\t\t\t\t\t\t\t\t<div class=\"tlp-content\">\r\n                        <div class=\"tlp-content-holder\">\r\n                            <h3><a href=\"https:\/\/crespod.com\/index.php\/portfolio\/evaluation-des-impacts-du-projet-food-for-peace\/\" aria-label=\"Evaluation des impacts du Projet \u00ab\u00a0Food for Peace\u00a0\u00bb\">Evaluation des impacts du Projet \u00ab\u00a0Food for Peace\u00a0\u00bb<\/a><\/h3>\r\n                            <div class=\"extra-features\"> <div class=\"tlp-portfolio-sd\">Evaluation des impacts du Projet \u00ab\u00a0Food for Peace\u00a0\u00bb de l\u2019USAID<\/div> <ul><li class=\"client-name\"><label>Client Name :<\/label>USAID<\/li><li class=\"completed-date\"><label>Completed Date :<\/label>1er d\u00e9cembre 2015-30 avril 2016<\/li><\/ul><\/div>\r\n                        <\/div>\r\n                    <\/div>\t<\/div>\r\n<\/div>\r\n\r\n<\/div><\/div>\n","protected":false},"excerpt":{"rendered":"<p>Quelques travaux de recherches effectu\u00e9s par CRESPoD, sarl<\/p>\n","protected":false},"author":1,"featured_media":0,"parent":0,"menu_order":0,"comment_status":"closed","ping_status":"closed","template":"","meta":{"site-sidebar-layout":"default","site-content-layout":"","ast-site-content-layout":"default","site-content-style":"default","site-sidebar-style":"default","ast-global-header-display":"","ast-banner-title-visibility":"","ast-main-header-display":"","ast-hfb-above-header-display":"","ast-hfb-below-header-display":"","ast-hfb-mobile-header-display":"","site-post-title":"","ast-breadcrumbs-content":"","ast-featured-img":"","footer-sml-layout":"","theme-transparent-header-meta":"","adv-header-id-meta":"","stick-header-meta":"","header-above-stick-meta":"","header-main-stick-meta":"","header-below-stick-meta":"","astra-migrate-meta-layouts":"default","ast-page-background-enabled":"default","ast-page-background-meta":{"desktop":{"background-color":"var(--ast-global-color-5)","background-image":"","background-repeat":"repeat","background-position":"center center","background-size":"auto","background-attachment":"scroll","background-type":"","background-media":"","overlay-type":"","overlay-color":"","overlay-opacity":"","overlay-gradient":""},"tablet":{"background-color":"","background-image":"","background-repeat":"repeat","background-position":"center center","background-size":"auto","background-attachment":"scroll","background-type":"","background-media":"","overlay-type":"","overlay-color":"","overlay-opacity":"","overlay-gradient":""},"mobile":{"background-color":"","background-image":"","background-repeat":"repeat","background-position":"center center","background-size":"auto","background-attachment":"scroll","background-type":"","background-media":"","overlay-type":"","overlay-color":"","overlay-opacity":"","overlay-gradient":""}},"ast-content-background-meta":{"desktop":{"background-color":"var(--ast-global-color-4)","background-image":"","background-repeat":"repeat","background-position":"center center","background-size":"auto","background-attachment":"scroll","background-type":"","background-media":"","overlay-type":"","overlay-color":"","overlay-opacity":"","overlay-gradient":""},"tablet":{"background-color":"var(--ast-global-color-4)","background-image":"","background-repeat":"repeat","background-position":"center center","background-size":"auto","background-attachment":"scroll","background-type":"","background-media":"","overlay-type":"","overlay-color":"","overlay-opacity":"","overlay-gradient":""},"mobile":{"background-color":"var(--ast-global-color-4)","background-image":"","background-repeat":"repeat","background-position":"center center","background-size":"auto","background-attachment":"scroll","background-type":"","background-media":"","overlay-type":"","overlay-color":"","overlay-opacity":"","overlay-gradient":""}},"footnotes":""},"class_list":["post-113","page","type-page","status-publish","hentry"],"_hostinger_reach_plugin_has_subscription_block":false,"_hostinger_reach_plugin_is_elementor":false,"jetpack_sharing_enabled":true,"_links":{"self":[{"href":"https:\/\/crespod.com\/index.php\/wp-json\/wp\/v2\/pages\/113","targetHints":{"allow":["GET"]}}],"collection":[{"href":"https:\/\/crespod.com\/index.php\/wp-json\/wp\/v2\/pages"}],"about":[{"href":"https:\/\/crespod.com\/index.php\/wp-json\/wp\/v2\/types\/page"}],"author":[{"embeddable":true,"href":"https:\/\/crespod.com\/index.php\/wp-json\/wp\/v2\/users\/1"}],"replies":[{"embeddable":true,"href":"https:\/\/crespod.com\/index.php\/wp-json\/wp\/v2\/comments?post=113"}],"version-history":[{"count":3,"href":"https:\/\/crespod.com\/index.php\/wp-json\/wp\/v2\/pages\/113\/revisions"}],"predecessor-version":[{"id":228,"href":"https:\/\/crespod.com\/index.php\/wp-json\/wp\/v2\/pages\/113\/revisions\/228"}],"wp:attachment":[{"href":"https:\/\/crespod.com\/index.php\/wp-json\/wp\/v2\/media?parent=113"}],"curies":[{"name":"wp","href":"https:\/\/api.w.org\/{rel}","templated":true}]}}